{"id":86,"date":"2011-11-26T16:13:52","date_gmt":"2011-11-26T16:13:52","guid":{"rendered":"http:\/\/www.pyykko.fi\/?page_id=86"},"modified":"2011-12-08T21:50:19","modified_gmt":"2011-12-08T21:50:19","slug":"kirjallisuutta","status":"publish","type":"page","link":"http:\/\/www.pyykko.fi\/?page_id=86","title":{"rendered":"Kirjallisuutta"},"content":{"rendered":"<p>Ohessa muutamia kirjoja, joista l\u00f6ytyy taustatietoa ja joitakin mainintoja Pyyk\u00f6ist\u00e4. Vanhin Pyykk\u00f6jen kirjoittamista kirjoista lienee Helsingin yliopiston kirjastosta l\u00f6ytyv\u00e4 Antti Pyyk\u00f6n kirja, vuodelta 1820. Kts. my\u00f6s dokumentit- kohta: her\u00e4nn\u00e4isyys &#8211; Antin kirjeet. Antin tuotannosta on etsinn\u00e4n alla h\u00e4nen kirjeens\u00e4 Paavo Ruotsalaiselle.<\/p>\n<p>Jesuxen nimen Yxi lohdullinen huvitus nijlle k\u00f6yhillen Zioninin lapsille ja halullisille sieluille mailman wainomista vastan, otettu Dryseliuxen historian nelj\u00e4nnest\u00e4 lukusta. Nijn my\u00f6s yxi surkia valitus t\u00e4m\u00e4n aikasen christillisyden pedollisudesta, nijn my\u00f6s lyhynen tutkistelemus christillisyden salasudesta \/ kokon pandu Andreas Pyyk\u00f6ld\u00e4 Yliviegin kyl\u00e4s\u00e4 Pielisen pit\u00e4j\u00e4ss\u00e4 wuonna 1820. <a href=\"http:\/\/www.pyykko.fi\/wp-content\/uploads\/2011\/11\/apkirja.pdf\">apkirja<\/a><\/p>\n<p><em>N\u00e4lk\u00e4kapina, veronvuokraus ja talonpoikainen vastarinta Karjalassa 1683-1697<\/em> &#8211; Kimmo Katajala<\/p>\n<p><em><\/em><em>Pielisj\u00e4rven historia 1 &#8211; 3. kirj. Kilpel\u00e4inen A.S., Hintikka A.L. ja Saloheimo V.A<\/em><\/p>\n<p><em>Pohjois-Karjalan historia 1-3.<\/em> K\u00f6n\u00f6nen, Aulis V. A. &#8211; Kirkinen, Heikki: Pohjois-Karjalan historia I. Joensuu 1975.<\/p>\n<p>Saloheimo, Veijo: <em>Pohjois-Karjalan historia II.<\/em> Joensuu 1976.<\/p>\n<p>Saloheimo, Veijo: <em>Pohjois-Karjalan historia III.<\/em> Joensuu 1980.<\/p>\n<p>Saloheimo,Veijo: <em>Viipurinkarjalaiset kotona ja maailmalla 1541-1620.<\/em> Viipurinkarjalaisten sukunimien esiintyminen muualla Suomessa ja l\u00e4hialueilla liikkuvuuden mittarina. Kirjassa on taustatietoa asutushistoriasta.<\/p>\n<p><em>Hengen Tuulta Karjalassa.<\/em> Juhani Kuurne, kertomuksia Antti Pyyk\u00f6st\u00e4 ja muista hengellist\u00e4 valistusty\u00f6t\u00e4 tehneist\u00e4 henkil\u00f6ist\u00e4.<\/p>\n<p><em>A place of their own. Ray Abrahams,<\/em> tieteellinen julkaisu It\u00e4-Suomen, Viekin elinoloista.<\/p>\n<p><a href=\"http:\/\/www.pyykko.fi\/wp-content\/uploads\/2011\/11\/lapsuuteni.pdf\">Lapsuuteni<\/a> Anna-Liisa Faler (os. Pyykk\u00f6)<\/p>\n<p><em>Taivu, mutta \u00e4l\u00e4 katkea<\/em>. Urpo Berg, Sanni Virnes (os. Pyykk\u00f6) el\u00e4m\u00e4nkerta ja h\u00e4nen saarnojaan.<\/p>\n<p><em>Muuta mielenkiintoista.<\/em><\/p>\n<p><em>Suomen her\u00e4nn\u00e4isyyden historia 1-3<\/em>, M Rosendahl<\/p>\n<p><em>Ukko Paavon j\u00e4ljill\u00e4 Pielisen Karjalassa<\/em>. Tuomas Kortelainen<\/p>\n<p><em>Paavo Ruotsalainen 1777-1852 juhlakirja<\/em>. Toim. Olavi Tarvainen<\/p>\n<p><em>Iso Pyykk\u00f6, Utaj\u00e4rven Niskankyl\u00e4n Hyryn eli Pyyk\u00f6n tilan n:o 10 historia<\/em>. Esko Vesala.<\/p>\n<p><em>Petteri Pyykk\u00f6 ja h\u00e4nen seitsem\u00e4n poikaansa<\/em>. T\u00e4m\u00e4n kirjan jos joku tunnistaa niin tarkempia tietoja minulle. Kirjasta olen kuullut 2 l\u00e4hteest\u00e4: Olavi ja Vesa Pyyk\u00f6lt\u00e4.<\/p>\n<p>Taaperniemes h\u00e4m\u00e4r\u00f6im\u00e4s. Antti Koiranen, Sirpa Koiranen, Ilpo Nikkanen (toim.) Kirjan myynti: Tampereen yliopiston julkaisujen myynti PL 607, 33101 Tampere.<\/p>\n<p><em>Ristit tievarsilla<\/em>. Kainuun ortodoksikarjalaista historiaa.Pohjoinen, Heikki Rytk\u00f6l\u00e4. 1988<\/p>\n<p><em>Kun Pyykk\u00f6 Rynkk\u00e4\u00e4n meloi<\/em>. Ranualainen omakustanne tarinankertoja Arvid Pyyk\u00f6sest\u00e4, 2010. Pet\u00e4j\u00e4j\u00e4rvi, Tyyne (toim.). Arvidin is\u00e4 Pohjois-Karjalan Pyyk\u00f6si\u00e4.<\/p>\n<p><em>Suomen historiaa:<\/em><\/p>\n<p><em>Muinainen Kalanti ja sen naapurit<\/em>. Kaitanen Veijo &#8211; Laukkanen Esa &#8211; Uotila Kari (toim)<\/p>\n<p><em>Karjalan synty<\/em>. Matti Saarnisto Karjalan kirjapaino.<\/p>\n<p><em>Inkeri. Historia, kansa, kulttuuri<\/em>.Toim. Pekka Nevalainen &amp; Hannes Sihvo<\/p>\n<p><em>9000 vuotta Suomen esihistoriaa<\/em>. Matti Huurre<\/p>\n<p><em>Kivikauden Suomi<\/em>. Matti Huurre<\/p>\n<p>Olet uusi WordPress-k\u00e4ytt\u00e4j\u00e4, joten kipaisepa <a href=\"http:\/\/www.pyykko.fi\/wp-admin\/\">hallintan\u00e4kym\u00e4\u00e4si<\/a> poistamaan tai muokkaamaan t\u00e4t\u00e4 sivua, ja luomaan uusia sivuja. Pid\u00e4 hauskaa!<\/p>\n","protected":false},"excerpt":{"rendered":"<p>Ohessa muutamia kirjoja, joista l\u00f6ytyy taustatietoa ja joitakin mainintoja Pyyk\u00f6ist\u00e4. Vanhin Pyykk\u00f6jen kirjoittamista kirjoista lienee Helsingin yliopiston kirjastosta l\u00f6ytyv\u00e4 Antti Pyyk\u00f6n kirja, vuodelta 1820. Kts. my\u00f6s dokumentit- kohta: her\u00e4nn\u00e4isyys &#8211; Antin kirjeet. Antin tuotannosta on etsinn\u00e4n alla h\u00e4nen kirjeens\u00e4 Paavo Ruotsalaiselle. Jesuxen nimen Yxi lohdullinen huvitus nijlle k\u00f6yhillen Zioninin lapsille ja halullisille sieluille mailman wainomista &hellip; <a href=\"http:\/\/www.pyykko.fi\/?page_id=86\" class=\"more-link\">Jatka artikkeliin <span class=\"screen-reader-text\">Kirjallisuutta<\/span><\/a><\/p>\n","protected":false},"author":1,"featured_media":0,"parent":0,"menu_order":0,"comment_status":"closed","ping_status":"closed","template":"","meta":{"footnotes":""},"class_list":["post-86","page","type-page","status-publish","hentry"],"_links":{"self":[{"href":"http:\/\/www.pyykko.fi\/index.php?rest_route=\/wp\/v2\/pages\/86","targetHints":{"allow":["GET"]}}],"collection":[{"href":"http:\/\/www.pyykko.fi\/index.php?rest_route=\/wp\/v2\/pages"}],"about":[{"href":"http:\/\/www.pyykko.fi\/index.php?rest_route=\/wp\/v2\/types\/page"}],"author":[{"embeddable":true,"href":"http:\/\/www.pyykko.fi\/index.php?rest_route=\/wp\/v2\/users\/1"}],"replies":[{"embeddable":true,"href":"http:\/\/www.pyykko.fi\/index.php?rest_route=%2Fwp%2Fv2%2Fcomments&post=86"}],"version-history":[{"count":13,"href":"http:\/\/www.pyykko.fi\/index.php?rest_route=\/wp\/v2\/pages\/86\/revisions"}],"predecessor-version":[{"id":91,"href":"http:\/\/www.pyykko.fi\/index.php?rest_route=\/wp\/v2\/pages\/86\/revisions\/91"}],"wp:attachment":[{"href":"http:\/\/www.pyykko.fi\/index.php?rest_route=%2Fwp%2Fv2%2Fmedia&parent=86"}],"curies":[{"name":"wp","href":"https:\/\/api.w.org\/{rel}","templated":true}]}}